{"id":498,"date":"2016-06-23T14:05:40","date_gmt":"2016-06-23T14:05:40","guid":{"rendered":"https:\/\/deathandillness.com\/compartiendo-el-dolor-y-el-duelo-online\/"},"modified":"2023-05-23T09:52:31","modified_gmt":"2023-05-23T09:52:31","slug":"compartiendo-el-dolor-y-el-duelo-online","status":"publish","type":"page","link":"https:\/\/deathandillness.com\/en\/compartiendo-el-dolor-y-el-duelo-online\/","title":{"rendered":"Compartiendo el dolor y el duelo online"},"content":{"rendered":"<p>[et_pb_section fb_built=&#8221;1&#8243; custom_padding_last_edited=&#8221;on|desktop&#8221; admin_label=&#8221;Secci\u00f3n&#8221; _builder_version=&#8221;4.16&#8243; background_color=&#8221;#ffffff&#8221; background_image=&#8221;https:\/\/deathandillness.com\/wp-content\/uploads\/2016\/06\/FB_DEAD_HEADER-2.png&#8221; custom_padding_tablet=&#8221;50px|0|50px|0&#8243; custom_padding_phone=&#8221;50px|0|50px|0&#8243; transparent_background=&#8221;off&#8221; padding_mobile=&#8221;off&#8221; make_fullwidth=&#8221;off&#8221; use_custom_width=&#8221;off&#8221; width_unit=&#8221;on&#8221; global_colors_info=&#8221;{}&#8221;][et_pb_row admin_label=&#8221;Fila&#8221; _builder_version=&#8221;4.16&#8243; background_size=&#8221;initial&#8221; background_position=&#8221;top_left&#8221; background_repeat=&#8221;repeat&#8221; global_colors_info=&#8221;{}&#8221;][et_pb_column type=&#8221;4_4&#8243; _builder_version=&#8221;4.16&#8243; custom_padding=&#8221;|||&#8221; global_colors_info=&#8221;{}&#8221; custom_padding__hover=&#8221;|||&#8221;][et_pb_post_title meta=&#8221;off&#8221; text_color=&#8221;light&#8221; text_background=&#8221;on&#8221; text_bg_color=&#8221;rgba(132,132,132,0.9)&#8221; admin_label=&#8221;T\u00edtulo de publicaci\u00f3n&#8221; _builder_version=&#8221;4.16&#8243; title_all_caps=&#8221;off&#8221; background_color=&#8221;rgba(255,255,255,0)&#8221; parallax=&#8221;on&#8221; parallax_method=&#8221;off&#8221; parallax_effect=&#8221;on&#8221; module_bg_color=&#8221;rgba(255,255,255,0)&#8221; use_border_color=&#8221;off&#8221; border_color=&#8221;#ffffff&#8221; border_style=&#8221;solid&#8221; global_colors_info=&#8221;{}&#8221;][\/et_pb_post_title][\/et_pb_column][\/et_pb_row][\/et_pb_section][et_pb_section fb_built=&#8221;1&#8243; admin_label=&#8221;section&#8221; _builder_version=&#8221;4.16&#8243; global_colors_info=&#8221;{}&#8221;][et_pb_row admin_label=&#8221;row&#8221; _builder_version=&#8221;4.16&#8243; background_size=&#8221;initial&#8221; background_position=&#8221;top_left&#8221; background_repeat=&#8221;repeat&#8221; global_colors_info=&#8221;{}&#8221;][et_pb_column type=&#8221;4_4&#8243; _builder_version=&#8221;4.16&#8243; custom_padding=&#8221;|||&#8221; global_colors_info=&#8221;{}&#8221; custom_padding__hover=&#8221;|||&#8221;][et_pb_text admin_label=&#8221;Texto&#8221; _builder_version=&#8221;4.16&#8243; background_size=&#8221;initial&#8221; background_position=&#8221;top_left&#8221; background_repeat=&#8221;repeat&#8221; global_colors_info=&#8221;{}&#8221;]El proyecto<em> Compartiendo el dolor y el duelo online: La imagen digital autorreferencial de la enfermedad y la muerte como elemento de desestigmatizaci\u00f3n, conexi\u00f3n, visibilizaci\u00f3n y copresencia, <\/em>se dedica a la investigaci\u00f3n interdisciplinaria de la representaci\u00f3n del dolor y el duelo, en el \u00e1mbito de la imagen y las humanidades digitales. El objeto de estudio espec\u00edfico son las im\u00e1genes autorreferenciales de la enfermedad y la muerte compartidas en Internet. En esta l\u00ednea, se analizar\u00e1n las nuevas pr\u00e1cticas, narrativas y formatos que surgen en las redes sociales e internet entorno a ellas, as\u00ed como su significado cultural.<br \/>\nEste tipo de pr\u00e1cticas son marcadamente contempor\u00e1neas, crecientes y de alto inter\u00e9s social, motivadas entre otras causas por el cambio de percepci\u00f3n de los l\u00edmites entre espacio \u00edntimo y p\u00fablico, as\u00ed como por el creciente n\u00famero de enfermos cr\u00f3nicos que demandan una mayor concienciaci\u00f3n y visibilizaci\u00f3n no s\u00f3lo de su dolor sino tambi\u00e9n de sus necesidades, y de las transformaciones de las actitudes frente a la muerte que est\u00e1n haci\u00e9ndose visibles en la red.<\/p>\n<p>Con este fin, planteamos el an\u00e1lisis del cambio de paradigma de la imagen en este contexto, analizando especialmente el rol activo que la imagen parece estar tomando como mediadora de procesos de copresencia vinculados con temas de estigmatizaci\u00f3n, creaci\u00f3n de nuevas comunidades y visualizaci\u00f3n del dolor y el duelo.<\/p>\n<p>Se emplear\u00e1n metodolog\u00edas h\u00edbridas, que incluir\u00e1n desde la estad\u00edstica hasta el an\u00e1lisis visual\/semi\u00f3tico, en un equipo formado por investigadores de \u00e1mbitos como las artes visuales, la comunicaci\u00f3n, la antropolog\u00eda visual, la etnograf\u00eda digital y la historia del arte.<\/p>\n<p>El proyecto tiene la finalidad de obtener resultados tanto cualitativos como cuantitativos que ayuden a comprender un fen\u00f3meno contempor\u00e1neo de creciente presencia y amplio calado social, as\u00ed como contribuir al estudio, normalizaci\u00f3n y visibilizaci\u00f3n de las pr\u00e1cticas relacionadas con la representaci\u00f3n de la enfermedad, la muerte y el duelo en el entorno digital.<\/p>\n<p><div style=\"width: 810px\" class=\"wp-caption alignninguno\"><a href=\"http:\/\/deathandillness.com\/wp-content\/uploads\/2016\/07\/screenshot_2016-07-02-13-02-38-1.png\"><img loading=\"lazy\" decoding=\"async\" class=\"size-full wp-image-40\" title=\"Poster presentado en la conferencia Encountering Pain, Londres, UCL, 1-2, julio, 2016)\" src=\"http:\/\/deathandillness.com\/wp-content\/uploads\/2016\/07\/screenshot_2016-07-02-13-02-38-1.png\" alt=\"Poster presentado en la conferencia Encountering Pain, Londres, UCL, 1-2, julio, 2016)\" width=\"800\" height=\"1280\" srcset=\"https:\/\/deathandillness.com\/wp-content\/uploads\/2016\/07\/screenshot_2016-07-02-13-02-38-1.png 800w, https:\/\/deathandillness.com\/wp-content\/uploads\/2016\/07\/screenshot_2016-07-02-13-02-38-1-188x300.png 188w, https:\/\/deathandillness.com\/wp-content\/uploads\/2016\/07\/screenshot_2016-07-02-13-02-38-1-768x1229.png 768w, https:\/\/deathandillness.com\/wp-content\/uploads\/2016\/07\/screenshot_2016-07-02-13-02-38-1-640x1024.png 640w, https:\/\/deathandillness.com\/wp-content\/uploads\/2016\/07\/screenshot_2016-07-02-13-02-38-1-156x250.png 156w\" sizes=\"(max-width: 800px) 100vw, 800px\" \/><\/a><p class=\"wp-caption-text\">Poster presentado en la conferencia Encountering Pain, Londres, UCL, 1-2, julio, 2016)<\/p><\/div><br \/>\n[\/et_pb_text][\/et_pb_column][\/et_pb_row][\/et_pb_section]<\/p>\n","protected":false},"excerpt":{"rendered":"<p>El proyecto Compartiendo el dolor y el duelo online: La imagen digital autorreferencial de la enfermedad y la muerte como elemento de desestigmatizaci\u00f3n, conexi\u00f3n, visibilizaci\u00f3n y copresencia, se dedica a la investigaci\u00f3n interdisciplinaria de la representaci\u00f3n del dolor y el duelo, en el \u00e1mbito de la imagen y las humanidades digitales. El objeto de estudio [&hellip;]<\/p>\n","protected":false},"author":3,"featured_media":0,"parent":0,"menu_order":5,"comment_status":"closed","ping_status":"closed","template":"","meta":{"_et_pb_use_builder":"on","_et_pb_old_content":"<p>El proyecto<em> Compartiendo el dolor y el duelo online: La imagen digital autorreferencial de la enfermedad y la muerte como elemento de desestigmatizaci\u00f3n, conexi\u00f3n, visibilizaci\u00f3n y copresencia, <\/em>se dedica a la investigaci\u00f3n interdisciplinaria de la representaci\u00f3n del dolor y el duelo, en el \u00e1mbito de la imagen y las humanidades digitales. El objeto de estudio espec\u00edfico son las im\u00e1genes autorreferenciales de la enfermedad y la muerte compartidas en Internet. En esta l\u00ednea, se analizar\u00e1n las nuevas pr\u00e1cticas, narrativas y formatos que surgen en las redes sociales e internet entorno a ellas, as\u00ed como su significado cultural.<br \/> Este tipo de pr\u00e1cticas son marcadamente contempor\u00e1neas, crecientes y de alto inter\u00e9s social, motivadas entre otras causas por el cambio de percepci\u00f3n de los l\u00edmites entre espacio \u00edntimo y p\u00fablico, as\u00ed como por el creciente n\u00famero de enfermos cr\u00f3nicos que demandan una mayor concienciaci\u00f3n y visibilizaci\u00f3n no s\u00f3lo de su dolor sino tambi\u00e9n de sus necesidades, y de las transformaciones de las actitudes frente a la muerte que est\u00e1n haci\u00e9ndose visibles en la red.<\/p><p>Con este fin, planteamos el an\u00e1lisis del cambio de paradigma de la imagen en este contexto, analizando especialmente el rol activo que la imagen parece estar tomando como mediadora de procesos de copresencia vinculados con temas de estigmatizaci\u00f3n, creaci\u00f3n de nuevas comunidades y visualizaci\u00f3n del dolor y el duelo.<\/p><p>Se emplear\u00e1n metodolog\u00edas h\u00edbridas, que incluir\u00e1n desde la estad\u00edstica hasta el an\u00e1lisis visual\/semi\u00f3tico, en un equipo formado por investigadores de \u00e1mbitos como las artes visuales, la comunicaci\u00f3n, la antropolog\u00eda visual, la etnograf\u00eda digital y la historia del arte.<\/p><p>El proyecto tiene la finalidad de obtener resultados tanto cualitativos como cuantitativos que ayuden a comprender un fen\u00f3meno contempor\u00e1neo de creciente presencia y amplio calado social, as\u00ed como contribuir al estudio, normalizaci\u00f3n y visibilizaci\u00f3n de las pr\u00e1cticas relacionadas con la representaci\u00f3n de la enfermedad, la muerte y el duelo en el entorno digital.<\/p>[caption id=\"\" align=\"alignninguno\" width=\"800\"]<a href=\"https:\/\/deathandillness.com\/wp-content\/uploads\/2016\/07\/screenshot_2016-07-02-13-02-38-1.png\"><img class=\"size-full wp-image-40\" title=\"Poster presentado en la conferencia Encountering Pain, Londres, UCL, 1-2, julio, 2016)\" src=\"https:\/\/deathandillness.com\/wp-content\/uploads\/2016\/07\/screenshot_2016-07-02-13-02-38-1.png\" alt=\"Poster presentado en la conferencia Encountering Pain, Londres, UCL, 1-2, julio, 2016)\" width=\"800\" height=\"1280\" \/><\/a> Poster presentado en la conferencia Encountering Pain, Londres, UCL, 1-2, julio, 2016)[\/caption]","_et_gb_content_width":"","footnotes":""},"class_list":["post-498","page","type-page","status-publish","hentry"],"_links":{"self":[{"href":"https:\/\/deathandillness.com\/en\/wp-json\/wp\/v2\/pages\/498","targetHints":{"allow":["GET"]}}],"collection":[{"href":"https:\/\/deathandillness.com\/en\/wp-json\/wp\/v2\/pages"}],"about":[{"href":"https:\/\/deathandillness.com\/en\/wp-json\/wp\/v2\/types\/page"}],"author":[{"embeddable":true,"href":"https:\/\/deathandillness.com\/en\/wp-json\/wp\/v2\/users\/3"}],"replies":[{"embeddable":true,"href":"https:\/\/deathandillness.com\/en\/wp-json\/wp\/v2\/comments?post=498"}],"version-history":[{"count":4,"href":"https:\/\/deathandillness.com\/en\/wp-json\/wp\/v2\/pages\/498\/revisions"}],"predecessor-version":[{"id":539,"href":"https:\/\/deathandillness.com\/en\/wp-json\/wp\/v2\/pages\/498\/revisions\/539"}],"wp:attachment":[{"href":"https:\/\/deathandillness.com\/en\/wp-json\/wp\/v2\/media?parent=498"}],"curies":[{"name":"wp","href":"https:\/\/api.w.org\/{rel}","templated":true}]}}