{"id":489,"date":"2020-10-19T20:57:15","date_gmt":"2020-10-19T20:57:15","guid":{"rendered":"https:\/\/deathandillness.com\/bioetica-imagenes-y-covid-19\/"},"modified":"2023-05-23T09:45:56","modified_gmt":"2023-05-23T09:45:56","slug":"bioetica-imagenes-y-covid-19","status":"publish","type":"page","link":"https:\/\/deathandillness.com\/en\/bioetica-imagenes-y-covid-19\/","title":{"rendered":"Bio\u00e9tica, im\u00e1genes y COVID-19"},"content":{"rendered":"<p>[et_pb_section fb_built=&#8221;1&#8243; _builder_version=&#8221;4.16&#8243; global_colors_info=&#8221;{}&#8221;][et_pb_row _builder_version=&#8221;4.16&#8243; background_size=&#8221;initial&#8221; background_position=&#8221;top_left&#8221; background_repeat=&#8221;repeat&#8221; global_colors_info=&#8221;{}&#8221;][et_pb_column type=&#8221;4_4&#8243; _builder_version=&#8221;4.16&#8243; custom_padding=&#8221;|||&#8221; global_colors_info=&#8221;{}&#8221; custom_padding__hover=&#8221;|||&#8221;][et_pb_text _builder_version=&#8221;4.16&#8243; background_size=&#8221;initial&#8221; background_position=&#8221;top_left&#8221; background_repeat=&#8221;repeat&#8221; hover_enabled=&#8221;0&#8243; global_colors_info=&#8221;{}&#8221; sticky_enabled=&#8221;0&#8243;]<!-- divi:paragraph --><\/p>\n<p>Project: <strong>&#8220;ETHICS OF IMAGES OF ILLNESS, DEATH AND GRIEF IN THE TIME OF COVID-19\u201d<\/strong><\/p>\n<p><!-- \/divi:paragraph --><!-- divi:paragraph --><\/p>\n<p>IPs: Rebeca Pardo y Montse Morcate<\/p>\n<p><!-- \/divi:paragraph --><!-- divi:paragraph --><\/p>\n<p><a href=\"https:\/\/www.fundaciogrifols.org\/es\/web\/fundacio\/research-grants\"><span style=\"color: #000000;\">Funded by<\/span>: V\u00edctor Gr\u00edfols i Lucas Foundation grants in bioethics researchBecas de investigaci\u00f3n sobre bio\u00e9tica, Fundaci\u00f3 V\u00edctor Gr\u00edfols i Lucas<\/a><\/p>\n<p><!-- \/divi:paragraph --><!-- divi:paragraph --><\/p>\n<p>Length: 2020-2021<\/p>\n<p><!-- \/divi:paragraph -->[\/et_pb_text][\/et_pb_column][\/et_pb_row][\/et_pb_section]<\/p>\n","protected":false},"excerpt":{"rendered":"<p>Project: &#8220;ETHICS OF IMAGES OF ILLNESS, DEATH AND GRIEF IN THE TIME OF COVID-19\u201d IPs: Rebeca Pardo y Montse Morcate Funded by: V\u00edctor Gr\u00edfols i Lucas Foundation grants in bioethics researchBecas de investigaci\u00f3n sobre bio\u00e9tica, Fundaci\u00f3 V\u00edctor Gr\u00edfols i Lucas Length: 2020-2021<\/p>\n","protected":false},"author":3,"featured_media":0,"parent":0,"menu_order":4,"comment_status":"closed","ping_status":"closed","template":"","meta":{"_et_pb_use_builder":"on","_et_pb_old_content":"<!-- wp:paragraph -->\r\n<p>T\u00edtulo del proyecto: <strong>\"\u00c9tica de las im\u00e1genes de la enfermedad, la muerte y el duelo en tiempos del COVID-19\u201d<\/strong><\/p>\r\n<!-- \/wp:paragraph -->\r\n\r\n<!-- wp:paragraph -->\r\n<p>IPs: Rebeca Pardo y Montse Morcate<\/p>\r\n<!-- \/wp:paragraph -->\r\n\r\n<!-- wp:paragraph -->\r\n<p>Convocatoria:\u00a0<a href=\"https:\/\/www.fundaciogrifols.org\/es\/web\/fundacio\/research-grants\">Becas de investigaci\u00f3n\u00a0sobre bio\u00e9tica, Fundaci\u00f3 V\u00edctor Gr\u00edfols i Lucas<\/a><\/p>\r\n<!-- \/wp:paragraph -->\r\n\r\n<!-- wp:paragraph -->\r\n<p>Duraci\u00f3n: 2020-2021<\/p>\r\n<!-- \/wp:paragraph -->","_et_gb_content_width":"","footnotes":""},"class_list":["post-489","page","type-page","status-publish","hentry"],"_links":{"self":[{"href":"https:\/\/deathandillness.com\/en\/wp-json\/wp\/v2\/pages\/489","targetHints":{"allow":["GET"]}}],"collection":[{"href":"https:\/\/deathandillness.com\/en\/wp-json\/wp\/v2\/pages"}],"about":[{"href":"https:\/\/deathandillness.com\/en\/wp-json\/wp\/v2\/types\/page"}],"author":[{"embeddable":true,"href":"https:\/\/deathandillness.com\/en\/wp-json\/wp\/v2\/users\/3"}],"replies":[{"embeddable":true,"href":"https:\/\/deathandillness.com\/en\/wp-json\/wp\/v2\/comments?post=489"}],"version-history":[{"count":5,"href":"https:\/\/deathandillness.com\/en\/wp-json\/wp\/v2\/pages\/489\/revisions"}],"predecessor-version":[{"id":535,"href":"https:\/\/deathandillness.com\/en\/wp-json\/wp\/v2\/pages\/489\/revisions\/535"}],"wp:attachment":[{"href":"https:\/\/deathandillness.com\/en\/wp-json\/wp\/v2\/media?parent=489"}],"curies":[{"name":"wp","href":"https:\/\/api.w.org\/{rel}","templated":true}]}}