{"id":488,"date":"2020-12-07T12:47:29","date_gmt":"2020-12-07T12:47:29","guid":{"rendered":"https:\/\/deathandillness.com\/en-los-medios\/"},"modified":"2024-04-22T16:48:22","modified_gmt":"2024-04-22T16:48:22","slug":"info","status":"publish","type":"page","link":"https:\/\/deathandillness.com\/en\/info\/","title":{"rendered":"info"},"content":{"rendered":"<p>[et_pb_section fb_built=&#8221;1&#8243; custom_padding_last_edited=&#8221;off|desktop&#8221; next_background_color=&#8221;#dddddd&#8221; admin_label=&#8221;section&#8221; _builder_version=&#8221;4.18.0&#8243; background_color=&#8221;#4DC8C5&#8243; background_enable_image=&#8221;off&#8221; min_height=&#8221;81px&#8221; custom_padding=&#8221;||50px||false|false&#8221; custom_padding_tablet=&#8221;50px|0|50px|0&#8243; bottom_divider_style=&#8221;slant&#8221; bottom_divider_height=&#8221;40px&#8221; transparent_background=&#8221;on&#8221; make_fullwidth=&#8221;off&#8221; use_custom_width=&#8221;off&#8221; width_unit=&#8221;on&#8221; global_colors_info=&#8221;{}&#8221;][et_pb_row _builder_version=&#8221;4.18.0&#8243; _module_preset=&#8221;default&#8221; custom_padding=&#8221;||0px|||&#8221; global_colors_info=&#8221;{}&#8221;][et_pb_column type=&#8221;4_4&#8243; _builder_version=&#8221;4.18.0&#8243; _module_preset=&#8221;default&#8221; global_colors_info=&#8221;{}&#8221;][et_pb_text _builder_version=&#8221;4.18.0&#8243; _module_preset=&#8221;default&#8221; text_font=&#8221;|800||on|||||&#8221; text_text_color=&#8221;#FFFFFF&#8221; text_font_size=&#8221;18px&#8221; text_line_height=&#8221;1.9em&#8221; header_font=&#8221;|700||on|||||&#8221; header_font_size=&#8221;35px&#8221; header_line_height=&#8221;1.3em&#8221; custom_margin=&#8221;||3px|||&#8221; header_font_size_tablet=&#8221;35px&#8221; header_font_size_phone=&#8221;20px&#8221; header_font_size_last_edited=&#8221;on|phone&#8221; global_colors_info=&#8221;{}&#8221;]<\/p>\n<h1>sobre nosotras<\/h1>\n<p>[\/et_pb_text][\/et_pb_column][\/et_pb_row][\/et_pb_section][et_pb_section fb_built=&#8221;1&#8243; admin_label=&#8221;Section&#8221; module_id=&#8221;2022&#8243; _builder_version=&#8221;4.18.0&#8243; custom_padding=&#8221;10px||10px|||&#8221; global_colors_info=&#8221;{}&#8221;][et_pb_row _builder_version=&#8221;4.25.0&#8243; _module_preset=&#8221;default&#8221;][et_pb_column _builder_version=&#8221;4.25.0&#8243; _module_preset=&#8221;default&#8221; type=&#8221;4_4&#8243;][et_pb_text _builder_version=&#8221;4.25.0&#8243; _module_preset=&#8221;default&#8221; hover_enabled=&#8221;0&#8243; sticky_enabled=&#8221;0&#8243;]<\/p>\n<p>Montse Morcate y Rebeca Pardo son las Investigadoras Principales de los proyectos del grupo. Comenzaron a colaborar durante sus doctorados en la Facultad de Bellas Artes de la Universidad de Barcelona y desde entonces han ido ampliando su red de colaboradores que se han ido integrando en los proyectos competitivos del grupo.<\/p>\n<p>[\/et_pb_text][\/et_pb_column][\/et_pb_row][\/et_pb_section][et_pb_section fb_built=&#8221;1&#8243; prev_background_color=&#8221;#FFFFFF&#8221; admin_label=&#8221;Section 2019&#8243; module_id=&#8221;2019&#8243; _builder_version=&#8221;4.18.0&#8243; background_color=&#8221;#ededed&#8221; custom_padding=&#8221;10px||10px|||&#8221; top_divider_style=&#8221;slant&#8221; top_divider_height=&#8221;40px&#8221; global_colors_info=&#8221;{}&#8221;][\/et_pb_section][et_pb_section fb_built=&#8221;1&#8243; prev_background_color=&#8221;#ededed&#8221; _builder_version=&#8221;4.18.0&#8243; _module_preset=&#8221;default&#8221; background_color=&#8221;#a3a3a3&#8243; custom_padding=&#8221;0px||0px||false|false&#8221; top_divider_style=&#8221;slant&#8221; top_divider_height=&#8221;39px&#8221; global_colors_info=&#8221;{}&#8221;][et_pb_row _builder_version=&#8221;4.18.0&#8243; _module_preset=&#8221;default&#8221; custom_padding=&#8221;20px||0px||false|false&#8221; global_colors_info=&#8221;{}&#8221;][et_pb_column type=&#8221;4_4&#8243; _builder_version=&#8221;4.18.0&#8243; _module_preset=&#8221;default&#8221; global_colors_info=&#8221;{}&#8221;][et_pb_cta title=&#8221;Contacto:&#8221; admin_label=&#8221;Llamada a la acci\u00f3n&#8221; _builder_version=&#8221;4.18.0&#8243; body_line_height=&#8221;1.5em&#8221; body_link_text_color=&#8221;#000000&#8243; background_enable_color=&#8221;off&#8221; background_size=&#8221;initial&#8221; background_position=&#8221;top_left&#8221; background_repeat=&#8221;repeat&#8221; text_orientation=&#8221;left&#8221; custom_padding=&#8221;||20px|0px|false|false&#8221; use_border_color=&#8221;off&#8221; border_color=&#8221;#ffffff&#8221; border_style=&#8221;solid&#8221; button_letter_spacing_hover=&#8221;0&#8243; locked=&#8221;off&#8221; global_colors_info=&#8221;{}&#8221; button_text_size__hover_enabled=&#8221;off&#8221; button_one_text_size__hover_enabled=&#8221;off&#8221; button_two_text_size__hover_enabled=&#8221;off&#8221; button_text_color__hover_enabled=&#8221;off&#8221; button_one_text_color__hover_enabled=&#8221;off&#8221; button_two_text_color__hover_enabled=&#8221;off&#8221; button_border_width__hover_enabled=&#8221;off&#8221; button_one_border_width__hover_enabled=&#8221;off&#8221; button_two_border_width__hover_enabled=&#8221;off&#8221; button_border_color__hover_enabled=&#8221;off&#8221; button_one_border_color__hover_enabled=&#8221;off&#8221; button_two_border_color__hover_enabled=&#8221;off&#8221; button_border_radius__hover_enabled=&#8221;off&#8221; button_one_border_radius__hover_enabled=&#8221;off&#8221; button_two_border_radius__hover_enabled=&#8221;off&#8221; button_letter_spacing__hover_enabled=&#8221;on&#8221; button_letter_spacing__hover=&#8221;0&#8243; button_one_letter_spacing__hover_enabled=&#8221;off&#8221; button_two_letter_spacing__hover_enabled=&#8221;off&#8221; button_bg_color__hover_enabled=&#8221;off&#8221; button_one_bg_color__hover_enabled=&#8221;off&#8221; button_two_bg_color__hover_enabled=&#8221;off&#8221;]<\/p>\n<p><strong><a href=\"http:\/\/rebecapardo.com\/\">Rebeca Pardo<\/a><\/strong><br \/>Universitat Internacional de Catalunya<\/p>\n<p><a href=\"http:\/\/www.montsemorcate.com\/\"><strong>Montse Morcate<\/strong><\/a><br \/>Universitat de Barcelona<\/p>\n<p>[\/et_pb_cta][\/et_pb_column][\/et_pb_row][\/et_pb_section]<\/p>\n","protected":false},"excerpt":{"rendered":"<p>sobre nosotrasMontse Morcate y Rebeca Pardo son las Investigadoras Principales de los proyectos del grupo. Comenzaron a colaborar durante sus doctorados en la Facultad de Bellas Artes de la Universidad de Barcelona y desde entonces han ido ampliando su red de colaboradores que se han ido integrando en los proyectos competitivos del grupo.Rebeca PardoUniversitat Internacional [&hellip;]<\/p>\n","protected":false},"author":3,"featured_media":0,"parent":0,"menu_order":0,"comment_status":"closed","ping_status":"closed","template":"","meta":{"_et_pb_use_builder":"on","_et_pb_old_content":"<!-- wp:paragraph -->\r\n<p><\/p>\r\n<!-- \/wp:paragraph -->\r\n\r\n<!-- wp:group {\"style\":{\"color\":{\"background\":\"#abb7c212\"}}} -->\r\n<div class=\"wp-block-group has-background\" style=\"background-color:#abb7c212\"><!-- wp:paragraph {\"fontSize\":\"large\"} -->\r\n<p class=\"has-large-font-size\"><strong>2022<\/strong><\/p>\r\n<!-- \/wp:paragraph -->\r\n\r\n<!-- wp:list -->\r\n<ul><li><a href=\"https:\/\/www.rtve.es\/play\/videos\/detras-del-instante\/pilar-aymerich\/6643990\/\"><\/a><a href=\"https:\/\/www.larioja.com\/opinion\/ucrania-pantalla-20220507201804-nt.html?fbclid=IwAR1XD8u5aXQOpOgZjWHDaMGgBcu32jR7Dvo2pTM7LAIwQCIkgZ-NsR4rzDo#vca=fixed-btn&vso=rrss&vmc=fb&vli=Opini%C3%B3n\">Ucrania en la pantalla<\/a>, Rebeca Pardo, P\u00e1gina de opini\u00f3n, Diario de La Rioja. 07\/05\/2022.<a href=\"https:\/\/play.rtve.es\/v\/6633070\/\"><\/a><\/li><li><strong><a href=\"https:\/\/www.rtve.es\/play\/videos\/detras-del-instante\/anna-turbau\/6533121\/\">Anna Turbau,<\/a><\/strong>\u00a0episodio del programa <a href=\"https:\/\/www.rtve.es\/play\/videos\/detras-del-instante\/\">Detr\u00e1s del Instante<\/a> dedicado a Anna Turbau en el que particip\u00f3 Rebeca Pardo como parte de los dos expertos entrevistados. 18\/05\/2022 <a href=\"https:\/\/play.rtve.es\/v\/6633070\/\"><\/a><\/li><li><a href=\"https:\/\/www.premsacomarcal.cat\/noticia\/7591\/rebeca-pardo-joana-gallego-i-sergi-sola-nous-consellers-del-cic\">Rebeca Pardo, Joana Gallego i Sergi Sol\u00e0, nous consellers del CIC<\/a>, Premsa Comarcal, 29\/3\/2022<\/li><li><a href=\"https:\/\/www.periodistes.cat\/actualitat\/noticies\/rebeca-pardo-joana-gallego-i-sergi-sola-nous-consellers-del-cic\">Rebeca Pardo, Joana Gallego i Sergi Sol\u00e0, nous consellers del CIC<\/a>, Col\u00b7legi de Periodistes de Catalunya - 23\/3\/2022<\/li><li><a href=\"https:\/\/comunicacio21.cat\/noticies\/rebeca-pardo-sergi-sola-i-joana-gallego-nous-consellers-del-cic\/\">Rebeca Pardo, Sergi Sol\u00e0 i Joana Gallego, nous consellers del CIC<\/a> @ COMUNICACIO21.CAT - 14\/3\/2022\u00a0<\/li><\/ul>\r\n<!-- \/wp:list --><\/div>\r\n<!-- \/wp:group -->\r\n\r\n<!-- wp:separator -->\r\n<hr class=\"wp-block-separator has-alpha-channel-opacity\"\/>\r\n<!-- \/wp:separator -->\r\n\r\n<!-- wp:group {\"style\":{\"color\":{\"background\":\"#abb7c245\"}}} -->\r\n<div class=\"wp-block-group has-background\" style=\"background-color:#abb7c245\"><!-- wp:paragraph {\"fontSize\":\"large\"} -->\r\n<p class=\"has-large-font-size\"><strong>2021<\/strong><\/p>\r\n<!-- \/wp:paragraph -->\r\n\r\n<!-- wp:list -->\r\n<ul><li><a href=\"https:\/\/www.larioja.com\/opinion\/fotografias-tiempo-pandemia-20210802203354-nt.html\">Fotograf\u00edas en tiempo de pandemia<\/a>, Rebeca Pardo, La Rioja, Secci\u00f3n Opini\u00f3n, 02\/08\/2021.<\/li><li><a href=\"https:\/\/www.uic.es\/es\/noticia\/la-profesora-rebeca-pardo-participa-en-un-ciclo-de-conferencias-de-la-fundacion-la-caixa\">La profesora Rebeca Pardo participa en un ciclo de conferencias de la Fundaci\u00f3n \u201cla Caixa\u201d<\/a>, UIC Barcelona, 14\/05\/2021<\/li><\/ul>\r\n<!-- \/wp:list --><\/div>\r\n<!-- \/wp:group -->\r\n\r\n<!-- wp:separator -->\r\n<hr class=\"wp-block-separator has-alpha-channel-opacity\"\/>\r\n<!-- \/wp:separator -->\r\n\r\n<!-- wp:group {\"style\":{\"color\":{\"background\":\"#abb7c2ad\"}}} -->\r\n<div class=\"wp-block-group has-background\" style=\"background-color:#abb7c2ad\"><!-- wp:heading {\"level\":1,\"fontSize\":\"large\"} -->\r\n<h1 class=\"has-large-font-size\"><strong>2020<\/strong><\/h1>\r\n<!-- \/wp:heading -->\r\n\r\n<!-- wp:list -->\r\n<ul><li>\u00a0<a href=\"https:\/\/theconversation.com\/doctor-quiero-ser-como-mi-selfi-148198\">\u00a1Doctor, quiero ser como mi selfi!<\/a> Rebeca Pardo y Jose Maria Serra-Renom, <em>The Conversation<\/em>, 10\/11\/2020.<\/li><li><a href=\"https:\/\/www.youtube.com\/watch?v=tJ-lD4ntY2w\">La Psoriasi: una aproximaci\u00f3 a la seva representaci\u00f3 audiovisual<\/a>, Rebeca Pardo, con Ana Escurriola (Directora del corto \"Cuatro Treinta\") y Santiago Alfonso (Acci\u00f3 Psoriasis), Canal de YouTube de UIC Barcelona 29\/10\/2020.<\/li><li>\u00ab<a rel=\"noreferrer noopener\" href=\"https:\/\/www.larioja.com\/la-rioja\/coronavirus\/deben-publicarse-imagenes-20201127000759-ntvo.html?vca=dgtk-rrss-lrj&vso=fb&vmc=social&_tcode=Y2R2M2Mx\" target=\"_blank\">Deben publicarse im\u00e1genes del dolor porque tambi\u00e9n es parte de la vid<\/a>a\u00bb, Entrevista de Teri S\u00e1enz a Rebeca Pardo en La Rioja, 27\/11\/2020.<\/li><li><a href=\"https:\/\/www.uic.es\/es\/noticias\/dos-investigadoras-de-uic-barcelona-reciben-dos-de-las-ocho-becas-sobre-bioetica-de-la\">Dos investigadoras de UIC Barcelona reciben dos de las ocho becas sobre bio\u00e9tica de la Fundaci\u00f3n V\u00edctor Gr\u00edfols y Lucas, <\/a>Actualidad, UIC Barcelona, 23\/10\/2020<\/li><li><a href=\"https:\/\/www.fundaciogrifols.org\/es\/web\/fundacio\/-\/ja-tenim-guanyadors-2020-\">\u00a1Ya tenemos ganadores!<\/a> Fundaci\u00f3 Grifols, 05\/10\/2020<\/li><li><a href=\"https:\/\/www.publico.pt\/2020\/08\/15\/p3\/cronica\/museu-nao-imaginado-pandemia-1926985?fbclid=IwAR1o_G-ziKWTMtxvhxUlrbx14xTO7mM8XEo08JvZt1G2ftPNYCWAmKX_XCs\">O museu (n\u00e3o) imaginado da pandemia<\/a>, Ana Gago, Megafone, Publico Portugal, 15\/08\/2020.<\/li><li><a href=\"https:\/\/www.youtube.com\/watch?v=mXERqyTQb50&feature=youtu.be\">UIC TALKS: Cultura tras la COVID-19<\/a>, Cristina Calvet y Rebeca Pardo, Canal YouTube de UIC Barcelona, 23\/07\/2020.<\/li><li><a href=\"https:\/\/www.ondacero.es\/emisoras\/catalunya\/audios-podcast\/ciutat\/la-ciutat-19062020_202006195eecb9c59db8b50001c61439.html\">Entrevista sobre FaceApp a Rebeca Pardo con Carles Lamelo y M\u00f2nica G\u00fcnther en La Ciutat<\/a>, Onda Cero Cat., 19\/06\/2020.<\/li><li><a href=\"http:\/\/youtu.be\/mUSvKvJ8TS0\">Entrevista a Rebeca Pardo para la<\/a> <a href=\"http:\/\/youtu.be\/mUSvKvJ8TS0\">Societat Catalana Hist\u00f2ria de la Ci\u00e8ncia i T\u00e8cnica<\/a>, por J\u00f9lia Mass\u00f3, 21\/05\/2020.<\/li><li><a href=\"https:\/\/www.elcorreogallego.es\/tendencias\/el-problema-es-que-seguimos-considerando-que-la-fotografia-es-la-verdad-la-realidad-y-no-lo-es-CH2797499\">Entrevista a Rebeca Pardo en El Correo Gallego<\/a>, por Mar\u00eda Almod\u00f3var, 04\/05\/2020<\/li><li><a href=\"https:\/\/elpais.com\/elpais\/2020\/04\/10\/sesenta_y_tantos\/1586503388_502698.html\">Una videollamada para decir \u201cte quiero\u201d a nuestros mayores<\/a>, Cristina Bisbal Delgado, El Pais, 18\/04\/2020.<\/li><li><a href=\"https:\/\/www.abc.es\/espana\/catalunya\/abci-joan-carles-valero-duelo-estado-202004141103_noticia.html?fbclid=IwAR1dq9O_4hVhCiKxqnsVTNDMKzl2kLEuQ1w2w905DmSbhLhxpITslyfdpwI#vca=rrss-inducido&vmc=abc-es&vso=tw&vli=noticia-opinion\">Duelo de Estado<\/a>, Juan Carlos Valero, ABC, 14\/04\/2020.<\/li><li><a href=\"https:\/\/www.ivoox.com\/mas-uno-rioja-baja-14-abril-2020-audios-mp3_rf_49997509_1.html\">Entrevista por Javier Losantos en Onda Cero Rioja Baja<\/a>, 14\/04\/2020 (La entrevista comienza a la hora y nueve minutos). Audio Player<\/li><li><a href=\"https:\/\/www.rinconesperaencasa.org\/2020\/04\/investigacion-de-rebeca-pardo-acerca-de.html\">Investigaci\u00f3n de Rebeca Pardo acerca de la importancia de las im\u00e1genes como herramienta para paliar la soledad<\/a>, Rinc\u00f3n espera en casa, 10\/04\/2020<\/li><li><a href=\"https:\/\/www.cmmedia.es\/programas\/tv\/castilla-la-mancha-despierta\/programas-completos\/0_3ayfn5jz\/?fbclid=IwAR3G7qWaKjB8UwBPzv_mQZ-oXbXzhqFEEhJ1CesWCz9jlnON8uHzUSfTg5s\">Castilla-La Mancha Despierta<\/a>: Entrevista a Rebeca Pardo en Castilla-La Mancha TV, a partir del minuto 32 del programa. 03\/04\/2020.<\/li><li><a href=\"https:\/\/www.elconfidencial.com\/alma-corazon-vida\/2020-03-31\/imagen-ayuda-soledad-coronavirus_2527007\/\">El poder de la videollamada: c\u00f3mo la imagen mitiga la soledad durante el confinamiento<\/a>, ACV, El Confidencial,\u00a031\/03\/2020.<\/li><li><a href=\"https:\/\/www.consalud.es\/pacientes\/la-imagen-herramienta-importante-paliar-soledad_76713_102.html\">CAPACIDAD TERAP\u00c9UTICA DE LAS IM\u00c1GENES<\/a>, ConSalud.es,\u00a030\/03\/2020.<\/li><li><a href=\"https:\/\/www.elperiodico.com\/es\/sociedad\/20200330\/rebeca-pardo-imagen-herramienta-potente-paliar-soledad-7910117\">\u201cLa imagen es una herramienta muy potente para paliar la soledad\u201d<\/a>, El Peri\u00f3dico,\u00a030\/03\/2020.<\/li><li><a href=\"https:\/\/ecrea.eu\/page-18206\/8857563\">THE UNVEILED IMAGE. Photographic practices in illness, death and grief<\/a>, ECREA (European Communication Research and Education Association) website,WEEKLY DIGEST n\u00fameros #65, #66, #67, #68, #69, #70, #71.<\/li><li><a href=\"https:\/\/www.ivoox.com\/mas-uno-rioja-baja-14-abril-2020-audios-mp3_rf_49997509_1.html\">F\u00f3rum UIC Barcelona 2020 reflexiona sobre el liderazgo y la pr\u00f3xima generaci\u00f3n de l\u00edderes<\/a>, La Vanguardia,\u00a002\/03\/2020.<\/li><li><a href=\"https:\/\/www.emagister.com\/blog\/foro-uic-barcelona-2020-el-liderazgo-en-la-actualidad\/\">Foro UIC Barcelona 2020, el liderazgo en la actualidad<\/a>, Blog EMagister, 02\/03\/2020.<\/li><\/ul>\r\n<!-- \/wp:list --><\/div>\r\n<!-- \/wp:group -->\r\n\r\n<!-- wp:separator -->\r\n<hr class=\"wp-block-separator has-alpha-channel-opacity\"\/>\r\n<!-- \/wp:separator -->\r\n\r\n<!-- wp:group {\"backgroundColor\":\"black\",\"textColor\":\"white\"} -->\r\n<div class=\"wp-block-group has-white-color has-black-background-color has-text-color has-background\"><!-- wp:heading {\"fontSize\":\"large\"} -->\r\n<h2 class=\"has-large-font-size\">2019<\/h2>\r\n<!-- \/wp:heading -->\r\n\r\n<!-- wp:list -->\r\n<ul><li><a href=\"https:\/\/eventos.um.es\/33915\/programme\/ii-congreso-internacional-arte-y-politicas-de-identidad.-visualidades-y-narrativas-de-la-memoria_-e.html\">II CONGRESO INTERNACIONAL ARTE Y POL\u00cdTICAS DE IDENTIDAD. Visualidades y narrativas de la memoria: espacio urbano, naturaleza, migraciones, tecnolog\u00eda y g\u00e9nero (CIAPI 2019)<\/a>, Eventos, Universidad de Murcia, 27-29\/11\/2019.<\/li><\/ul>\r\n<!-- \/wp:list --><\/div>\r\n<!-- \/wp:group -->","_et_gb_content_width":"","footnotes":""},"class_list":["post-488","page","type-page","status-publish","hentry"],"_links":{"self":[{"href":"https:\/\/deathandillness.com\/en\/wp-json\/wp\/v2\/pages\/488","targetHints":{"allow":["GET"]}}],"collection":[{"href":"https:\/\/deathandillness.com\/en\/wp-json\/wp\/v2\/pages"}],"about":[{"href":"https:\/\/deathandillness.com\/en\/wp-json\/wp\/v2\/types\/page"}],"author":[{"embeddable":true,"href":"https:\/\/deathandillness.com\/en\/wp-json\/wp\/v2\/users\/3"}],"replies":[{"embeddable":true,"href":"https:\/\/deathandillness.com\/en\/wp-json\/wp\/v2\/comments?post=488"}],"version-history":[{"count":3,"href":"https:\/\/deathandillness.com\/en\/wp-json\/wp\/v2\/pages\/488\/revisions"}],"predecessor-version":[{"id":735,"href":"https:\/\/deathandillness.com\/en\/wp-json\/wp\/v2\/pages\/488\/revisions\/735"}],"wp:attachment":[{"href":"https:\/\/deathandillness.com\/en\/wp-json\/wp\/v2\/media?parent=488"}],"curies":[{"name":"wp","href":"https:\/\/api.w.org\/{rel}","templated":true}]}}